{"id":10752,"date":"2024-12-16T16:54:35","date_gmt":"2024-12-16T16:54:35","guid":{"rendered":"https:\/\/xpfunding.com\/?page_id=10752"},"modified":"2024-12-16T16:54:35","modified_gmt":"2024-12-16T16:54:35","slug":"a-propos-de-nous","status":"publish","type":"page","link":"https:\/\/xpfunding.com\/fr\/a-propos-de-nous\/","title":{"rendered":"\u00c0 PROPOS DE NOUS"},"content":{"rendered":"\t\t<div data-elementor-type=\"wp-page\" data-elementor-id=\"10752\" class=\"elementor elementor-10752\" data-elementor-post-type=\"page\">\n\t\t\t\t\t\t<section class=\"elementor-section elementor-top-section elementor-element elementor-element-8932aa3 elementor-section-boxed elementor-section-height-default elementor-section-height-default\" data-id=\"8932aa3\" data-element_type=\"section\" data-e-type=\"section\" data-settings=\"{&quot;background_background&quot;:&quot;classic&quot;}\">\n\t\t\t\t\t\t\t<div class=\"elementor-background-overlay\"><\/div>\n\t\t\t\t\t\t\t<div class=\"elementor-container elementor-column-gap-default\">\n\t\t\t\t\t<div class=\"elementor-column elementor-col-100 elementor-top-column elementor-element elementor-element-efd147f\" data-id=\"efd147f\" data-element_type=\"column\" data-e-type=\"column\">\n\t\t\t<div class=\"elementor-widget-wrap elementor-element-populated\">\n\t\t\t\t\t\t<div class=\"elementor-element elementor-element-791e2a7 elementor-widget elementor-widget-sina_title\" data-id=\"791e2a7\" data-element_type=\"widget\" data-e-type=\"widget\" data-widget_type=\"sina_title.default\">\n\t\t\t\t<div class=\"elementor-widget-container\">\n\t\t\t\t\t\t\t<div class=\"sina-title\">\r\n\t\t\t\r\n\t\t\t\t\t\t\t<h2 class=\"sina-title-title\">ACC\u00c8S AU FINANCEMENT NON GARANTI POUR LES ENTREPRISES<\/h2>\t\t\t\r\n\t\t\t\r\n\t\t\t\r\n\t\t\t\t\t\t\t<div class=\"sina-title-desc\">Xuper Funding peut aider votre entreprise en fournissant un fonds de roulement rapide et efficace - acc\u00e9dez \u00e0 un financement d'entreprise non garanti d\u00e8s aujourd'hui. Nous n'exigeons aucune garantie personnelle ou collat\u00e9rale de votre part. Faites une demande en ligne ou appelez-nous pour discuter de vos besoins.<\/div>\t\t\t\t\t<\/div><!-- .sina-title -->\r\n\t\t\t\t\t\t<\/div>\n\t\t\t\t<\/div>\n\t\t\t\t<div class=\"elementor-element elementor-element-db8e38a elementor-align-center elementor-widget elementor-widget-button\" data-id=\"db8e38a\" data-element_type=\"widget\" data-e-type=\"widget\" data-widget_type=\"button.default\">\n\t\t\t\t<div class=\"elementor-widget-container\">\n\t\t\t\t\t\t\t\t\t<div class=\"elementor-button-wrapper\">\n\t\t\t\t\t<a class=\"elementor-button elementor-button-link elementor-size-md\" href=\"\/apply-for-business-funding-advance\/#form-a942602\">\n\t\t\t\t\t\t<span class=\"elementor-button-content-wrapper\">\n\t\t\t\t\t\t\t\t\t<span class=\"elementor-button-text\">DEMANDER UN FINANCEMENT POUR UNE ENTREPRISE<\/span>\n\t\t\t\t\t<\/span>\n\t\t\t\t\t<\/a>\n\t\t\t\t<\/div>\n\t\t\t\t\t\t\t\t<\/div>\n\t\t\t\t<\/div>\n\t\t\t\t\t<\/div>\n\t\t<\/div>\n\t\t\t\t\t<\/div>\n\t\t<\/section>\n\t\t\t\t<section class=\"elementor-section elementor-top-section elementor-element elementor-element-570909c elementor-section-boxed elementor-section-height-default elementor-section-height-default\" data-id=\"570909c\" data-element_type=\"section\" data-e-type=\"section\">\n\t\t\t\t\t\t\t<div class=\"elementor-background-overlay\"><\/div>\n\t\t\t\t\t\t\t<div class=\"elementor-container elementor-column-gap-default\">\n\t\t\t\t\t<div class=\"elementor-column elementor-col-100 elementor-top-column elementor-element elementor-element-30bcfe4\" data-id=\"30bcfe4\" data-element_type=\"column\" data-e-type=\"column\">\n\t\t\t<div class=\"elementor-widget-wrap elementor-element-populated\">\n\t\t\t\t\t\t<section class=\"elementor-section elementor-inner-section elementor-element elementor-element-321baca elementor-hidden-tablet elementor-hidden-mobile elementor-section-boxed elementor-section-height-default elementor-section-height-default\" data-id=\"321baca\" data-element_type=\"section\" data-e-type=\"section\">\n\t\t\t\t\t\t<div class=\"elementor-container elementor-column-gap-default\">\n\t\t\t\t\t<div class=\"elementor-column elementor-col-50 elementor-inner-column elementor-element elementor-element-b0e3716\" data-id=\"b0e3716\" data-element_type=\"column\" data-e-type=\"column\">\n\t\t\t<div class=\"elementor-widget-wrap elementor-element-populated\">\n\t\t\t\t\t\t<div class=\"elementor-element elementor-element-ed82d58 elementor-widget__width-initial elementor-widget elementor-widget-text-editor\" data-id=\"ed82d58\" data-element_type=\"widget\" data-e-type=\"widget\" data-widget_type=\"text-editor.default\">\n\t\t\t\t<div class=\"elementor-widget-container\">\n\t\t\t\t\t\t\t\t\tXuper Funding peut aider votre entreprise en fournissant un fonds de roulement rapide et efficace &#8211; acc\u00e9dez \u00e0 un financement d&rsquo;entreprise non garanti d\u00e8s aujourd&rsquo;hui. Nous n&rsquo;exigeons aucune garantie personnelle ou collat\u00e9rale de votre part. Faites une demande en ligne ou appelez-nous pour discuter de vos besoins.<br><br>\nXuper Funding a commenc\u00e9 \u00e0 soutenir les entreprises en 2021, son fondateur et PDG, Alex Xu, \u00e9tant un membre cl\u00e9 du comit\u00e9 consultatif des petites entreprises de la ville de New York.<br><br>\nChez Xuper Funding, nous comprenons que des entreprises saines sont l&rsquo;\u00e9pine dorsale des \u00e9conomies am\u00e9ricaine et canadienne (et des communaut\u00e9s locales).<br><br>\nLes petites entreprises ont des besoins de tr\u00e9sorerie uniques et devraient b\u00e9n\u00e9ficier d&rsquo;un meilleur soutien financier. C&rsquo;est pourquoi nous nous engageons \u00e0 aider les entreprises comme la v\u00f4tre \u00e0 acc\u00e9der \u00e0 un financement rapide et non garanti pour r\u00e9pondre \u00e0 leurs besoins croissants.<br><br>\nNos investissements bas\u00e9s sur les redevances sont con\u00e7us pour permettre aux entreprises d&rsquo;acc\u00e9der \u00e0 des fonds de roulement de mani\u00e8re \u00e9quitable et durable, en fonction des recettes courantes et de la capacit\u00e9 financi\u00e8re de l&rsquo;entreprise.\t\t\t\t\t\t\t\t<\/div>\n\t\t\t\t<\/div>\n\t\t\t\t\t<\/div>\n\t\t<\/div>\n\t\t\t\t<div class=\"elementor-column elementor-col-50 elementor-inner-column elementor-element elementor-element-3cea5f7 elementor-hidden-tablet\" data-id=\"3cea5f7\" data-element_type=\"column\" data-e-type=\"column\">\n\t\t\t<div class=\"elementor-widget-wrap elementor-element-populated\">\n\t\t\t\t\t\t<div class=\"elementor-element elementor-element-8ac1965 elementor-widget__width-initial elementor-widget elementor-widget-image\" data-id=\"8ac1965\" data-element_type=\"widget\" data-e-type=\"widget\" data-widget_type=\"image.default\">\n\t\t\t\t<div class=\"elementor-widget-container\">\n\t\t\t\t\t\t\t\t\t\t\t\t\t\t\t<img fetchpriority=\"high\" decoding=\"async\" width=\"720\" height=\"864\" src=\"https:\/\/s3.amazonaws.com\/gotcapital.co.uk\/wp-content\/uploads\/2024\/10\/10094225\/NYC-Small-Business-Advisory-Commission-Alex-Xu-Xuper-Funding-768x922.png\" class=\"attachment-medium_large size-medium_large wp-image-10108\" alt=\"NYC Small Business Advisory Commission - Alex Xu Xuper Funding\" srcset=\"https:\/\/s3.amazonaws.com\/gotcapital.co.uk\/wp-content\/uploads\/2024\/10\/10094225\/NYC-Small-Business-Advisory-Commission-Alex-Xu-Xuper-Funding-768x922.png 768w, https:\/\/s3.amazonaws.com\/gotcapital.co.uk\/wp-content\/uploads\/2024\/10\/10094225\/NYC-Small-Business-Advisory-Commission-Alex-Xu-Xuper-Funding-250x300.png 250w, https:\/\/s3.amazonaws.com\/gotcapital.co.uk\/wp-content\/uploads\/2024\/10\/10094225\/NYC-Small-Business-Advisory-Commission-Alex-Xu-Xuper-Funding-853x1024.png 853w, https:\/\/s3.amazonaws.com\/gotcapital.co.uk\/wp-content\/uploads\/2024\/10\/10094225\/NYC-Small-Business-Advisory-Commission-Alex-Xu-Xuper-Funding.png 1000w\" sizes=\"(max-width: 720px) 100vw, 720px\" \/>\t\t\t\t\t\t\t\t\t\t\t\t\t\t\t<\/div>\n\t\t\t\t<\/div>\n\t\t\t\t\t<\/div>\n\t\t<\/div>\n\t\t\t\t\t<\/div>\n\t\t<\/section>\n\t\t\t\t<div class=\"elementor-element elementor-element-acb0ff6 elementor-hidden-desktop elementor-hidden-laptop elementor-widget elementor-widget-text-editor\" data-id=\"acb0ff6\" data-element_type=\"widget\" data-e-type=\"widget\" data-widget_type=\"text-editor.default\">\n\t\t\t\t<div class=\"elementor-widget-container\">\n\t\t\t\t\t\t\t\t\t<p>Xuper Funding peut aider votre entreprise en fournissant un fonds de roulement rapide et efficace &#8211; acc\u00e9dez \u00e0 un financement d&rsquo;entreprise non garanti d\u00e8s aujourd&rsquo;hui. Nous n&rsquo;exigeons aucune garantie personnelle ou collat\u00e9rale de votre part. Faites une demande en ligne ou appelez-nous pour discuter de vos besoins.<br \/><br \/>Xuper Funding a commenc\u00e9 \u00e0 soutenir les entreprises en 2021, son fondateur et PDG, Alex Xu, \u00e9tant un membre cl\u00e9 du comit\u00e9 consultatif des petites entreprises de la ville de New York.<br \/><br \/>Chez Xuper Funding, nous comprenons que des entreprises saines sont l&rsquo;\u00e9pine dorsale des \u00e9conomies am\u00e9ricaine et canadienne (et des communaut\u00e9s locales).<br \/><br \/>Les petites entreprises ont des besoins de tr\u00e9sorerie uniques et devraient b\u00e9n\u00e9ficier d&rsquo;un meilleur soutien financier. C&rsquo;est pourquoi nous nous engageons \u00e0 aider les entreprises comme la v\u00f4tre \u00e0 acc\u00e9der \u00e0 un financement rapide et non garanti pour r\u00e9pondre \u00e0 leurs besoins croissants.<br \/><br \/>Nos investissements bas\u00e9s sur les redevances sont con\u00e7us pour permettre aux entreprises d&rsquo;acc\u00e9der \u00e0 des fonds de roulement de mani\u00e8re \u00e9quitable et durable, en fonction des recettes courantes et de la capacit\u00e9 financi\u00e8re de l&rsquo;entreprise.<\/p>\t\t\t\t\t\t\t\t<\/div>\n\t\t\t\t<\/div>\n\t\t\t\t\t<\/div>\n\t\t<\/div>\n\t\t\t\t\t<\/div>\n\t\t<\/section>\n\t\t\t\t<section class=\"elementor-section elementor-top-section elementor-element elementor-element-0f3d115 elementor-hidden-tablet elementor-section-boxed elementor-section-height-default elementor-section-height-default\" data-id=\"0f3d115\" data-element_type=\"section\" data-e-type=\"section\">\n\t\t\t\t\t\t<div class=\"elementor-container elementor-column-gap-default\">\n\t\t\t\t\t<div class=\"elementor-column elementor-col-100 elementor-top-column elementor-element elementor-element-47d0b82\" data-id=\"47d0b82\" data-element_type=\"column\" data-e-type=\"column\">\n\t\t\t<div class=\"elementor-widget-wrap elementor-element-populated\">\n\t\t\t\t\t\t<div class=\"elementor-element elementor-element-471b666 elementor-align-center elementor-widget elementor-widget-button\" data-id=\"471b666\" data-element_type=\"widget\" data-e-type=\"widget\" data-widget_type=\"button.default\">\n\t\t\t\t<div class=\"elementor-widget-container\">\n\t\t\t\t\t\t\t\t\t<div class=\"elementor-button-wrapper\">\n\t\t\t\t\t<a class=\"elementor-button elementor-button-link elementor-size-md\" href=\"\/apply-for-business-funding-advance\/#form-a942602\">\n\t\t\t\t\t\t<span class=\"elementor-button-content-wrapper\">\n\t\t\t\t\t\t\t\t\t<span class=\"elementor-button-text\">DEMANDER UN FINANCEMENT POUR UNE ENTREPRISE<\/span>\n\t\t\t\t\t<\/span>\n\t\t\t\t\t<\/a>\n\t\t\t\t<\/div>\n\t\t\t\t\t\t\t\t<\/div>\n\t\t\t\t<\/div>\n\t\t\t\t\t<\/div>\n\t\t<\/div>\n\t\t\t\t\t<\/div>\n\t\t<\/section>\n\t\t\t\t<section class=\"elementor-section elementor-top-section elementor-element elementor-element-a2cd945 elementor-section-full_width elementor-hidden-tablet elementor-section-height-default elementor-section-height-default\" data-id=\"a2cd945\" data-element_type=\"section\" data-e-type=\"section\">\n\t\t\t\t\t\t<div class=\"elementor-container elementor-column-gap-default\">\n\t\t\t\t\t<div class=\"elementor-column elementor-col-100 elementor-top-column elementor-element elementor-element-35595d8\" data-id=\"35595d8\" data-element_type=\"column\" data-e-type=\"column\">\n\t\t\t<div class=\"elementor-widget-wrap elementor-element-populated\">\n\t\t\t\t\t\t<div class=\"elementor-element elementor-element-1d78df8 elementor-widget-divider--view-line_icon elementor-view-default elementor-widget-divider--element-align-center elementor-widget elementor-widget-divider\" data-id=\"1d78df8\" data-element_type=\"widget\" data-e-type=\"widget\" data-widget_type=\"divider.default\">\n\t\t\t\t<div class=\"elementor-widget-container\">\n\t\t\t\t\t\t\t<div class=\"elementor-divider\">\n\t\t\t<span class=\"elementor-divider-separator\">\n\t\t\t\t\t\t\t<div class=\"elementor-icon elementor-divider__element\">\n\t\t\t\t\t<i aria-hidden=\"true\" class=\"fab fa-xing\"><\/i><\/div>\n\t\t\t\t\t\t<\/span>\n\t\t<\/div>\n\t\t\t\t\t\t<\/div>\n\t\t\t\t<\/div>\n\t\t\t\t\t<\/div>\n\t\t<\/div>\n\t\t\t\t\t<\/div>\n\t\t<\/section>\n\t\t\t\t<\/div>\n\t\t","protected":false},"excerpt":{"rendered":"<p>ACC\u00c8S AU FINANCEMENT NON GARANTI POUR LES ENTREPRISES Xuper Funding peut aider votre entreprise en fournissant un fonds de roulement rapide et efficace &#8211; acc\u00e9dez \u00e0 un financement d&rsquo;entreprise non garanti d\u00e8s aujourd&rsquo;hui. Nous n&rsquo;exigeons aucune garantie personnelle ou collat\u00e9rale de votre part. Faites une demande en ligne ou appelez-nous pour discuter de vos besoins. DEMANDER UN FINANCEMENT POUR UNE [&hellip;]<\/p>\n","protected":false},"author":2,"featured_media":2337,"parent":0,"menu_order":0,"comment_status":"closed","ping_status":"closed","template":"elementor_header_footer","meta":{"footnotes":""},"class_list":["post-10752","page","type-page","status-publish","has-post-thumbnail","hentry"],"_links":{"self":[{"href":"https:\/\/xpfunding.com\/fr\/wp-json\/wp\/v2\/pages\/10752","targetHints":{"allow":["GET"]}}],"collection":[{"href":"https:\/\/xpfunding.com\/fr\/wp-json\/wp\/v2\/pages"}],"about":[{"href":"https:\/\/xpfunding.com\/fr\/wp-json\/wp\/v2\/types\/page"}],"author":[{"embeddable":true,"href":"https:\/\/xpfunding.com\/fr\/wp-json\/wp\/v2\/users\/2"}],"replies":[{"embeddable":true,"href":"https:\/\/xpfunding.com\/fr\/wp-json\/wp\/v2\/comments?post=10752"}],"version-history":[{"count":5,"href":"https:\/\/xpfunding.com\/fr\/wp-json\/wp\/v2\/pages\/10752\/revisions"}],"predecessor-version":[{"id":10757,"href":"https:\/\/xpfunding.com\/fr\/wp-json\/wp\/v2\/pages\/10752\/revisions\/10757"}],"wp:featuredmedia":[{"embeddable":true,"href":"https:\/\/xpfunding.com\/fr\/wp-json\/wp\/v2\/media\/2337"}],"wp:attachment":[{"href":"https:\/\/xpfunding.com\/fr\/wp-json\/wp\/v2\/media?parent=10752"}],"curies":[{"name":"wp","href":"https:\/\/api.w.org\/{rel}","templated":true}]}}